{"id":11449,"date":"2024-12-18T10:45:49","date_gmt":"2024-12-18T09:45:49","guid":{"rendered":"https:\/\/www.hotelpaoloii.com\/dintorni\/"},"modified":"2026-02-06T12:07:52","modified_gmt":"2026-02-06T11:07:52","slug":"umgebung","status":"publish","type":"page","link":"https:\/\/www.hotelpaoloii.com\/de\/umgebung\/","title":{"rendered":"Was zu tun"},"content":{"rendered":"\t\t<div data-elementor-type=\"wp-post\" data-elementor-id=\"11449\" class=\"elementor elementor-11449\">\n\t\t\t\t\t\t<section class=\"elementor-section elementor-top-section elementor-element elementor-element-af48b46 elementor-section-stretched elementor-section-boxed elementor-section-height-default elementor-section-height-default\" data-id=\"af48b46\" data-element_type=\"section\" data-settings=\"{&quot;stretch_section&quot;:&quot;section-stretched&quot;}\">\n\t\t\t\t\t\t<div class=\"elementor-container elementor-column-gap-default\">\n\t\t\t\t\t<div class=\"elementor-column elementor-col-100 elementor-top-column elementor-element elementor-element-7025ad2\" data-id=\"7025ad2\" data-element_type=\"column\">\n\t\t\t<div class=\"elementor-widget-wrap elementor-element-populated\">\n\t\t\t\t\t\t<div class=\"elementor-element elementor-element-dfeb700 elementor-widget elementor-widget-thim-heading\" data-id=\"dfeb700\" data-element_type=\"widget\" data-widget_type=\"thim-heading.default\">\n\t\t\t\t<div class=\"elementor-widget-container\">\n\t\t\t<div class=\"thim-widget-heading template-default\"><div class=\"thim-sc-heading\" >\n\t\t<div class=\"article_heading \">\n\t\t\t<h2  class=\"heading_secondary\">ROM ENTDECKEN<\/h2>\n\t\t\t<p class=\"heading_primary\"  >WENN SIE IN ROM SIND, M\u00d6GEN SIE DIE R\u00d6MER!<\/p>\n\t\t\t\n\t\t\t\n\t\t<\/div>\n\t<\/div><\/div>\t\t<\/div>\n\t\t\t\t<\/div>\n\t\t\t\t<div class=\"elementor-element elementor-element-0d83d65 elementor-widget elementor-widget-spacer\" data-id=\"0d83d65\" data-element_type=\"widget\" data-widget_type=\"spacer.default\">\n\t\t\t\t<div class=\"elementor-widget-container\">\n\t\t\t\t\t<div class=\"elementor-spacer\">\n\t\t\t<div class=\"elementor-spacer-inner\"><\/div>\n\t\t<\/div>\n\t\t\t\t<\/div>\n\t\t\t\t<\/div>\n\t\t\t\t\t<\/div>\n\t\t<\/div>\n\t\t\t\t\t<\/div>\n\t\t<\/section>\n\t\t\t\t<section class=\"elementor-section elementor-top-section elementor-element elementor-element-6418270 elementor-section-stretched elementor-section-boxed elementor-section-height-default elementor-section-height-default\" data-id=\"6418270\" data-element_type=\"section\" data-settings=\"{&quot;stretch_section&quot;:&quot;section-stretched&quot;}\">\n\t\t\t\t\t\t<div class=\"elementor-container elementor-column-gap-default\">\n\t\t\t\t\t<div class=\"elementor-column elementor-col-100 elementor-top-column elementor-element elementor-element-03808cb\" data-id=\"03808cb\" data-element_type=\"column\">\n\t\t\t<div class=\"elementor-widget-wrap elementor-element-populated\">\n\t\t\t\t\t\t<div class=\"elementor-element elementor-element-b24bb5a elementor-widget elementor-widget-text-editor\" data-id=\"b24bb5a\" data-element_type=\"widget\" data-widget_type=\"text-editor.default\">\n\t\t\t\t<div class=\"elementor-widget-container\">\n\t\t\t\t\t\t\t<p>Wir sind <strong>stolz und leidenschaftlich f\u00fcr unser historisches Erbe<\/strong> und m\u00f6chten, dass unsere G\u00e4ste die \u201e<strong>Touristenfallen<\/strong> vermeiden und dass nur das Beste, was unsere tausendj\u00e4hrige Stadt zu bieten hat, Teil ihres <strong>Erlebnisses<\/strong>s ist.<br \/>Von der Empfehlung einiger der <strong>authentischsten und klassischsten italienischen Restaurants bis hin zur Empfehlung von Touren, beliebten Gegenden und Stadtteilen<\/strong> \u2013 wir sind hier, um sicherzustellen, dass Ihre n\u00e4chste Reise in die Ewige Stadt unvergesslich wird.<br \/>Falls Sie ein wenig Inspiration brauchen, finden Sie hier einige unserer liebsten Sehensw\u00fcrdigkeiten und Aktivit\u00e4ten f\u00fcr ein <strong>besonderes Erlebnis in Rom<\/strong>.<\/p>\t\t\t\t\t\t<\/div>\n\t\t\t\t<\/div>\n\t\t\t\t\t<\/div>\n\t\t<\/div>\n\t\t\t\t\t<\/div>\n\t\t<\/section>\n\t\t\t\t<section class=\"elementor-section elementor-top-section elementor-element elementor-element-78ca6ad elementor-section-stretched elementor-section-boxed elementor-section-height-default elementor-section-height-default\" data-id=\"78ca6ad\" data-element_type=\"section\" data-settings=\"{&quot;stretch_section&quot;:&quot;section-stretched&quot;,&quot;background_background&quot;:&quot;classic&quot;}\">\n\t\t\t\t\t\t<div class=\"elementor-container elementor-column-gap-no\">\n\t\t\t\t\t<div class=\"elementor-column elementor-col-100 elementor-top-column elementor-element elementor-element-558623e\" data-id=\"558623e\" data-element_type=\"column\">\n\t\t\t<div class=\"elementor-widget-wrap elementor-element-populated\">\n\t\t\t\t\t\t<div class=\"elementor-element elementor-element-5992266 thim-sc-heading2 elementor-widget elementor-widget-thim-heading\" data-id=\"5992266\" data-element_type=\"widget\" data-widget_type=\"thim-heading.default\">\n\t\t\t\t<div class=\"elementor-widget-container\">\n\t\t\t<div class=\"thim-widget-heading template-default\"><div class=\"thim-sc-heading\" style = text-align:center; >\n\t\t<div class=\"article_heading \">\n\t\t\t<h2 style=\"color: #000000;font-size: 42px;\" class=\"heading_secondary\">Portier<\/h2>\n\t\t\t\n\t\t\t<div class=\"heading-des\">Aufgrund unserer jahrzehntelangen Erfahrung als Hoteliers glauben wir, die h\u00e4ufigsten Bed\u00fcrfnisse der G\u00e4ste verstanden zu haben, die die Ewige Stadt im Laufe der Jahre besucht haben. Aus diesem Grund haben wir die Seite Umgebung erstellt.\n<strong>Sie sind nur einen Klick von vielen der L\u00f6sungen entfernt, nach denen Sie gesucht haben<\/strong>, um die Ewige Stadt besser zu erkunden.\nDiese Seite wurde ausschlie\u00dflich mit dem Ziel erstellt, <strong>Sie dabei zu unterst\u00fctzen, das Beste aus Ihrem Urlaub zu machen<\/strong>.<\/div>\n\t\t\t\n\t\t<\/div>\n\t<\/div><\/div>\t\t<\/div>\n\t\t\t\t<\/div>\n\t\t<div class=\"elementor-element elementor-element-c35eb10 e-grid e-con-boxed e-con e-parent\" data-id=\"c35eb10\" data-element_type=\"container\">\n\t\t\t\t\t<div class=\"e-con-inner\">\n\t\t\t\t<div class=\"elementor-element elementor-element-2f1d246 elementor-widget elementor-widget-thim-ekits-image-accordion\" data-id=\"2f1d246\" data-element_type=\"widget\" data-widget_type=\"thim-ekits-image-accordion.default\">\n\t\t\t\t<div class=\"elementor-widget-container\">\n\t\t\t\t\t<div class=\"thim-ekits-image-accordion\">\n\t\t\t\t\t\t\t\t<div class=\"thim-ekits-image-accordion__item\" style=\"background-image: url(https:\/\/www.hotelpaoloii.com\/wp-cntnt\/uplds\/2024\/12\/hotel-paolo-ii-dintorni-prati.jpg)\">\n\t\t\t\t<div class=\"overlay\">\n\t\t\t\t\t<div class=\"overlay-inner\">\n\t\t\t\t\t<h3 class=\"title\">Prati<\/h3>\t\t\t\t\t\t<a href=\"https:\/\/www.google.com\/maps\/place\/Rione+XXII+Prati,+Roma+RM\/@41.9057804,12.4636563,16z\/data=!4m16!1m9!3m8!1s0x132f605f1609bc61:0x8283081a733ac8b3!2sRione+XXII+Prati,+Roma+RM!3b1!8m2!3d41.9087028!4d12.4652871!10e5!16zL20vMDd6bW1o!3m5!1s0x132f605f1609bc61:0x8283081a733ac8b3!8m2!3d41.9087028!4d12.4652871!16zL20vMDd6bW1o?entry=ttu&#038;g_ep=EgoyMDI0MTExNy4wIKXMDSoASAFQAw%3D%3D\" target=\"_blank\" class=\"read-more\">\n\t\t\t\t\t\t\t\t\t\t\t\t\t<\/a>\n\t\t\t\t\t\t\t\t\t<\/div>\n\n\t\t\t<\/div>\n\t\t\t<\/div>\n\t\t\t\t<\/div>\n\t\t\t\t<\/div>\n\t\t\t\t<\/div>\n\t\t\t\t<div class=\"elementor-element elementor-element-520374e elementor-widget elementor-widget-thim-ekits-image-accordion\" data-id=\"520374e\" data-element_type=\"widget\" data-widget_type=\"thim-ekits-image-accordion.default\">\n\t\t\t\t<div class=\"elementor-widget-container\">\n\t\t\t\t\t<div class=\"thim-ekits-image-accordion\">\n\t\t\t\t\t\t\t\t<div class=\"thim-ekits-image-accordion__item\" style=\"background-image: url(https:\/\/www.hotelpaoloii.com\/wp-cntnt\/uplds\/2024\/12\/hotel-paolo-ii-dintorni-musei.jpg)\">\n\t\t\t\t<div class=\"overlay\">\n\t\t\t\t\t<div class=\"overlay-inner\">\n\t\t\t\t\t<h3 class=\"title\">Musei<\/h3>\t\t\t\t\t\t<a href=\"https:\/\/www.museiincomuneroma.it\/it\" target=\"_blank\" class=\"read-more\">\n\t\t\t\t\t\t\t\t\t\t\t\t\t<\/a>\n\t\t\t\t\t\t\t\t\t<\/div>\n\n\t\t\t<\/div>\n\t\t\t<\/div>\n\t\t\t\t<\/div>\n\t\t\t\t<\/div>\n\t\t\t\t<\/div>\n\t\t\t\t<div class=\"elementor-element elementor-element-37ba496 elementor-widget elementor-widget-thim-ekits-image-accordion\" data-id=\"37ba496\" data-element_type=\"widget\" data-widget_type=\"thim-ekits-image-accordion.default\">\n\t\t\t\t<div class=\"elementor-widget-container\">\n\t\t\t\t\t<div class=\"thim-ekits-image-accordion\">\n\t\t\t\t\t\t\t\t<div class=\"thim-ekits-image-accordion__item\" style=\"background-image: url(https:\/\/www.hotelpaoloii.com\/wp-cntnt\/uplds\/2024\/12\/hotel-paolo-ii-dintorni-colosseo.jpg)\">\n\t\t\t\t<div class=\"overlay\">\n\t\t\t\t\t<div class=\"overlay-inner\">\n\t\t\t\t\t<h3 class=\"title\">Colosseo<\/h3>\t\t\t\t\t\t<a href=\"https:\/\/colosseo.it\/en\/\" target=\"_blank\" class=\"read-more\">\n\t\t\t\t\t\t\t\t\t\t\t\t\t<\/a>\n\t\t\t\t\t\t\t\t\t<\/div>\n\n\t\t\t<\/div>\n\t\t\t<\/div>\n\t\t\t\t<\/div>\n\t\t\t\t<\/div>\n\t\t\t\t<\/div>\n\t\t\t\t<div class=\"elementor-element elementor-element-beb60a9 elementor-widget elementor-widget-thim-ekits-image-accordion\" data-id=\"beb60a9\" data-element_type=\"widget\" data-widget_type=\"thim-ekits-image-accordion.default\">\n\t\t\t\t<div class=\"elementor-widget-container\">\n\t\t\t\t\t<div class=\"thim-ekits-image-accordion\">\n\t\t\t\t\t\t\t\t<div class=\"thim-ekits-image-accordion__item\" style=\"background-image: url(https:\/\/www.hotelpaoloii.com\/wp-cntnt\/uplds\/2024\/12\/hotel-paolo-ii-dintorni-musei-vaticani.jpg)\">\n\t\t\t\t<div class=\"overlay\">\n\t\t\t\t\t<div class=\"overlay-inner\">\n\t\t\t\t\t<h3 class=\"title\">Musei vaticani<\/h3>\t\t\t\t\t\t<a href=\"https:\/\/www.museivaticani.va\/content\/museivaticani\/it.html\" target=\"_blank\" class=\"read-more\">\n\t\t\t\t\t\t\t\t\t\t\t\t\t<\/a>\n\t\t\t\t\t\t\t\t\t<\/div>\n\n\t\t\t<\/div>\n\t\t\t<\/div>\n\t\t\t\t<\/div>\n\t\t\t\t<\/div>\n\t\t\t\t<\/div>\n\t\t\t\t<div class=\"elementor-element elementor-element-288ac5b elementor-widget elementor-widget-thim-ekits-image-accordion\" data-id=\"288ac5b\" data-element_type=\"widget\" data-widget_type=\"thim-ekits-image-accordion.default\">\n\t\t\t\t<div class=\"elementor-widget-container\">\n\t\t\t\t\t<div class=\"thim-ekits-image-accordion\">\n\t\t\t\t\t\t\t\t<div class=\"thim-ekits-image-accordion__item\" style=\"background-image: url(https:\/\/www.hotelpaoloii.com\/wp-cntnt\/uplds\/2024\/12\/hotel-paolo-ii-dintorni-galleria-borghese.jpg)\">\n\t\t\t\t<div class=\"overlay\">\n\t\t\t\t\t<div class=\"overlay-inner\">\n\t\t\t\t\t<h3 class=\"title\">Galleria Borghese<\/h3>\t\t\t\t\t\t<a href=\"https:\/\/www.tickets-rome.com\/it\/borghese-gallery\/\" target=\"_blank\" class=\"read-more\">\n\t\t\t\t\t\t\t\t\t\t\t\t\t<\/a>\n\t\t\t\t\t\t\t\t\t<\/div>\n\n\t\t\t<\/div>\n\t\t\t<\/div>\n\t\t\t\t<\/div>\n\t\t\t\t<\/div>\n\t\t\t\t<\/div>\n\t\t\t\t<div class=\"elementor-element elementor-element-5348200 elementor-widget elementor-widget-thim-ekits-image-accordion\" data-id=\"5348200\" data-element_type=\"widget\" data-widget_type=\"thim-ekits-image-accordion.default\">\n\t\t\t\t<div class=\"elementor-widget-container\">\n\t\t\t\t\t<div class=\"thim-ekits-image-accordion\">\n\t\t\t\t\t\t\t\t<div class=\"thim-ekits-image-accordion__item\" style=\"background-image: url(https:\/\/www.hotelpaoloii.com\/wp-cntnt\/uplds\/2024\/12\/hotel-paolo-ii-dintorni-ristoranti.jpg)\">\n\t\t\t\t<div class=\"overlay\">\n\t\t\t\t\t<div class=\"overlay-inner\">\n\t\t\t\t\t<h3 class=\"title\">Ristoranti<\/h3>\t\t\t\t\t\t<a href=\"https:\/\/www.ristorantealcupolone.com\/\" target=\"_blank\" class=\"read-more\">\n\t\t\t\t\t\t\t\t\t\t\t\t\t<\/a>\n\t\t\t\t\t\t\t\t\t<\/div>\n\n\t\t\t<\/div>\n\t\t\t<\/div>\n\t\t\t\t<\/div>\n\t\t\t\t<\/div>\n\t\t\t\t<\/div>\n\t\t\t\t<div class=\"elementor-element elementor-element-3f2e02e elementor-widget elementor-widget-thim-ekits-image-accordion\" data-id=\"3f2e02e\" data-element_type=\"widget\" data-widget_type=\"thim-ekits-image-accordion.default\">\n\t\t\t\t<div class=\"elementor-widget-container\">\n\t\t\t\t\t<div class=\"thim-ekits-image-accordion\">\n\t\t\t\t\t\t\t\t<div class=\"thim-ekits-image-accordion__item\" style=\"background-image: url(https:\/\/www.hotelpaoloii.com\/wp-cntnt\/uplds\/2025\/09\/hotel-varese-servizi-visite-guidate.jpg)\">\n\t\t\t\t<div class=\"overlay\">\n\t\t\t\t\t<div class=\"overlay-inner\">\n\t\t\t\t\t<h3 class=\"title\">F\u00fchrungen<\/h3>\t\t\t\t\t\t<a href=\"https:\/\/app.aloesuite.com\/app\/widgets\/1f08f19d-6871-6eb6-9407-0645365046d5\" target=\"_blank\" class=\"read-more\">\n\t\t\t\t\t\t\t\t\t\t\t\t\t<\/a>\n\t\t\t\t\t\t\t\t\t<\/div>\n\n\t\t\t<\/div>\n\t\t\t<\/div>\n\t\t\t\t<\/div>\n\t\t\t\t<\/div>\n\t\t\t\t<\/div>\n\t\t\t\t<div class=\"elementor-element elementor-element-7351346 elementor-widget elementor-widget-thim-ekits-image-accordion\" data-id=\"7351346\" data-element_type=\"widget\" data-widget_type=\"thim-ekits-image-accordion.default\">\n\t\t\t\t<div class=\"elementor-widget-container\">\n\t\t\t\t\t<div class=\"thim-ekits-image-accordion\">\n\t\t\t\t\t\t\t\t<div class=\"thim-ekits-image-accordion__item\" style=\"background-image: url(https:\/\/www.hotelpaoloii.com\/wp-cntnt\/uplds\/2024\/12\/hotel-paolo-ii-dintorni-trenitalia.jpg)\">\n\t\t\t\t<div class=\"overlay\">\n\t\t\t\t\t<div class=\"overlay-inner\">\n\t\t\t\t\t<h3 class=\"title\">Trenitalia<\/h3>\t\t\t\t\t\t<a href=\"https:\/\/www.trenitalia.com\/\" target=\"_blank\" class=\"read-more\">\n\t\t\t\t\t\t\t\t\t\t\t\t\t<\/a>\n\t\t\t\t\t\t\t\t\t<\/div>\n\n\t\t\t<\/div>\n\t\t\t<\/div>\n\t\t\t\t<\/div>\n\t\t\t\t<\/div>\n\t\t\t\t<\/div>\n\t\t\t\t<div class=\"elementor-element elementor-element-ec739be elementor-widget elementor-widget-thim-ekits-image-accordion\" data-id=\"ec739be\" data-element_type=\"widget\" data-widget_type=\"thim-ekits-image-accordion.default\">\n\t\t\t\t<div class=\"elementor-widget-container\">\n\t\t\t\t\t<div class=\"thim-ekits-image-accordion\">\n\t\t\t\t\t\t\t\t<div class=\"thim-ekits-image-accordion__item\" style=\"background-image: url(https:\/\/www.hotelpaoloii.com\/wp-cntnt\/uplds\/2025\/03\/hotel-paolo-ii-cosa-fare-top-quality-transfer.jpg)\">\n\t\t\t\t<div class=\"overlay\">\n\t\t\t\t\t<div class=\"overlay-inner\">\n\t\t\t\t\t<h3 class=\"title\">Top Quality Transfer<\/h3>\t\t\t\t\t\t<a href=\"https:\/\/api.whatsapp.com\/send?phone=393482588447\" target=\"_blank\" class=\"read-more\">\n\t\t\t\t\t\t\t\t\t\t\t\t\t<\/a>\n\t\t\t\t\t\t\t\t\t<\/div>\n\n\t\t\t<\/div>\n\t\t\t<\/div>\n\t\t\t\t<\/div>\n\t\t\t\t<\/div>\n\t\t\t\t<\/div>\n\t\t\t\t\t<\/div>\n\t\t\t\t<\/div>\n\t\t\t\t\t<\/div>\n\t\t<\/div>\n\t\t\t\t\t<\/div>\n\t\t<\/section>\n\t\t\t\t<\/div>\n\t\t","protected":false},"excerpt":{"rendered":"<p>ROM ENTDECKEN WENN SIE IN ROM SIND, M\u00d6GEN SIE DIE R\u00d6MER! Wir sind stolz und leidenschaftlich f\u00fcr unser historisches Erbe und m\u00f6chten, dass unsere G\u00e4ste die \u201eTouristenfallen vermeiden und dass nur das Beste, was unsere tausendj\u00e4hrige Stadt zu bieten hat, Teil ihres Erlebnissess ist.Von der Empfehlung einiger der authentischsten und&#8230;<\/p>\n","protected":false},"author":1,"featured_media":0,"parent":0,"menu_order":0,"comment_status":"closed","ping_status":"closed","template":"","meta":{"footnotes":""},"class_list":["post-11449","page","type-page","status-publish","hentry"],"yoast_head":"<!-- This site is optimized with the Yoast SEO plugin v27.4 - https:\/\/yoast.com\/product\/yoast-seo-wordpress\/ -->\n<title>Entdecken Sie Rom mit dem Hotel Paolo II ***<\/title>\n<meta name=\"description\" content=\"Die authentischsten und klassischsten italienischen Restaurants, Touren, beliebten Gegenden und Viertel, die es zu besuchen gilt. Wir sorgen daf\u00fcr, dass Ihre n\u00e4chste Reise in die ewige Stadt unvergesslich wird.\" \/>\n<meta name=\"robots\" content=\"index, follow, max-snippet:-1, max-image-preview:large, max-video-preview:-1\" \/>\n<link rel=\"canonical\" href=\"https:\/\/www.hotelpaoloii.com\/de\/umgebung\/\" \/>\n<meta property=\"og:locale\" content=\"de_DE\" \/>\n<meta property=\"og:type\" content=\"article\" \/>\n<meta property=\"og:title\" content=\"Entdecken Sie Rom mit dem Hotel Paolo II ***\" \/>\n<meta property=\"og:description\" content=\"Die authentischsten und klassischsten italienischen Restaurants, Touren, beliebten Gegenden und Viertel, die es zu besuchen gilt. Wir sorgen daf\u00fcr, dass Ihre n\u00e4chste Reise in die ewige Stadt unvergesslich wird.\" \/>\n<meta property=\"og:url\" content=\"https:\/\/www.hotelpaoloii.com\/de\/umgebung\/\" \/>\n<meta property=\"og:site_name\" content=\"Hotel Paolo II\" \/>\n<meta property=\"article:modified_time\" content=\"2026-02-06T11:07:52+00:00\" \/>\n<meta name=\"twitter:card\" content=\"summary_large_image\" \/>\n<meta name=\"twitter:label1\" content=\"Gesch\u00e4tzte Lesezeit\" \/>\n\t<meta name=\"twitter:data1\" content=\"2\u00a0Minuten\" \/>\n<script type=\"application\/ld+json\" class=\"yoast-schema-graph\">{\"@context\":\"https:\\\/\\\/schema.org\",\"@graph\":[{\"@type\":\"WebPage\",\"@id\":\"https:\\\/\\\/www.hotelpaoloii.com\\\/de\\\/umgebung\\\/\",\"url\":\"https:\\\/\\\/www.hotelpaoloii.com\\\/de\\\/umgebung\\\/\",\"name\":\"Entdecken Sie Rom mit dem Hotel Paolo II ***\",\"isPartOf\":{\"@id\":\"https:\\\/\\\/www.hotelpaoloii.com\\\/de\\\/#website\"},\"datePublished\":\"2024-12-18T09:45:49+00:00\",\"dateModified\":\"2026-02-06T11:07:52+00:00\",\"description\":\"Die authentischsten und klassischsten italienischen Restaurants, Touren, beliebten Gegenden und Viertel, die es zu besuchen gilt. Wir sorgen daf\u00fcr, dass Ihre n\u00e4chste Reise in die ewige Stadt unvergesslich wird.\",\"inLanguage\":\"de\",\"potentialAction\":[{\"@type\":\"ReadAction\",\"target\":[\"https:\\\/\\\/www.hotelpaoloii.com\\\/de\\\/umgebung\\\/\"]}]},{\"@type\":\"WebSite\",\"@id\":\"https:\\\/\\\/www.hotelpaoloii.com\\\/de\\\/#website\",\"url\":\"https:\\\/\\\/www.hotelpaoloii.com\\\/de\\\/\",\"name\":\"Hotel Paolo II\",\"description\":\"\",\"potentialAction\":[{\"@type\":\"SearchAction\",\"target\":{\"@type\":\"EntryPoint\",\"urlTemplate\":\"https:\\\/\\\/www.hotelpaoloii.com\\\/de\\\/?s={search_term_string}\"},\"query-input\":{\"@type\":\"PropertyValueSpecification\",\"valueRequired\":true,\"valueName\":\"search_term_string\"}}],\"inLanguage\":\"de\"}]}<\/script>\n<!-- \/ Yoast SEO plugin. -->","yoast_head_json":{"title":"Entdecken Sie Rom mit dem Hotel Paolo II ***","description":"Die authentischsten und klassischsten italienischen Restaurants, Touren, beliebten Gegenden und Viertel, die es zu besuchen gilt. Wir sorgen daf\u00fcr, dass Ihre n\u00e4chste Reise in die ewige Stadt unvergesslich wird.","robots":{"index":"index","follow":"follow","max-snippet":"max-snippet:-1","max-image-preview":"max-image-preview:large","max-video-preview":"max-video-preview:-1"},"canonical":"https:\/\/www.hotelpaoloii.com\/de\/umgebung\/","og_locale":"de_DE","og_type":"article","og_title":"Entdecken Sie Rom mit dem Hotel Paolo II ***","og_description":"Die authentischsten und klassischsten italienischen Restaurants, Touren, beliebten Gegenden und Viertel, die es zu besuchen gilt. Wir sorgen daf\u00fcr, dass Ihre n\u00e4chste Reise in die ewige Stadt unvergesslich wird.","og_url":"https:\/\/www.hotelpaoloii.com\/de\/umgebung\/","og_site_name":"Hotel Paolo II","article_modified_time":"2026-02-06T11:07:52+00:00","twitter_card":"summary_large_image","twitter_misc":{"Gesch\u00e4tzte Lesezeit":"2\u00a0Minuten"},"schema":{"@context":"https:\/\/schema.org","@graph":[{"@type":"WebPage","@id":"https:\/\/www.hotelpaoloii.com\/de\/umgebung\/","url":"https:\/\/www.hotelpaoloii.com\/de\/umgebung\/","name":"Entdecken Sie Rom mit dem Hotel Paolo II ***","isPartOf":{"@id":"https:\/\/www.hotelpaoloii.com\/de\/#website"},"datePublished":"2024-12-18T09:45:49+00:00","dateModified":"2026-02-06T11:07:52+00:00","description":"Die authentischsten und klassischsten italienischen Restaurants, Touren, beliebten Gegenden und Viertel, die es zu besuchen gilt. Wir sorgen daf\u00fcr, dass Ihre n\u00e4chste Reise in die ewige Stadt unvergesslich wird.","inLanguage":"de","potentialAction":[{"@type":"ReadAction","target":["https:\/\/www.hotelpaoloii.com\/de\/umgebung\/"]}]},{"@type":"WebSite","@id":"https:\/\/www.hotelpaoloii.com\/de\/#website","url":"https:\/\/www.hotelpaoloii.com\/de\/","name":"Hotel Paolo II","description":"","potentialAction":[{"@type":"SearchAction","target":{"@type":"EntryPoint","urlTemplate":"https:\/\/www.hotelpaoloii.com\/de\/?s={search_term_string}"},"query-input":{"@type":"PropertyValueSpecification","valueRequired":true,"valueName":"search_term_string"}}],"inLanguage":"de"}]}},"_links":{"self":[{"href":"https:\/\/www.hotelpaoloii.com\/de\/wp-json\/wp\/v2\/pages\/11449","targetHints":{"allow":["GET"]}}],"collection":[{"href":"https:\/\/www.hotelpaoloii.com\/de\/wp-json\/wp\/v2\/pages"}],"about":[{"href":"https:\/\/www.hotelpaoloii.com\/de\/wp-json\/wp\/v2\/types\/page"}],"author":[{"embeddable":true,"href":"https:\/\/www.hotelpaoloii.com\/de\/wp-json\/wp\/v2\/users\/1"}],"replies":[{"embeddable":true,"href":"https:\/\/www.hotelpaoloii.com\/de\/wp-json\/wp\/v2\/comments?post=11449"}],"version-history":[{"count":16,"href":"https:\/\/www.hotelpaoloii.com\/de\/wp-json\/wp\/v2\/pages\/11449\/revisions"}],"predecessor-version":[{"id":11712,"href":"https:\/\/www.hotelpaoloii.com\/de\/wp-json\/wp\/v2\/pages\/11449\/revisions\/11712"}],"wp:attachment":[{"href":"https:\/\/www.hotelpaoloii.com\/de\/wp-json\/wp\/v2\/media?parent=11449"}],"curies":[{"name":"wp","href":"https:\/\/api.w.org\/{rel}","templated":true}]}}