{"id":11450,"date":"2024-12-17T12:41:43","date_gmt":"2024-12-17T11:41:43","guid":{"rendered":"https:\/\/www.hotelpaoloii.com\/contatti\/"},"modified":"2025-03-13T17:29:28","modified_gmt":"2025-03-13T16:29:28","slug":"kontakte","status":"publish","type":"page","link":"https:\/\/www.hotelpaoloii.com\/de\/kontakte\/","title":{"rendered":"Kontakte"},"content":{"rendered":"\t\t<div data-elementor-type=\"wp-post\" data-elementor-id=\"11450\" class=\"elementor elementor-11450\">\n\t\t\t\t\t\t<section class=\"elementor-section elementor-top-section elementor-element elementor-element-a4950a4 elementor-section-stretched elementor-section-boxed elementor-section-height-default elementor-section-height-default\" data-id=\"a4950a4\" data-element_type=\"section\" data-settings=\"{&quot;stretch_section&quot;:&quot;section-stretched&quot;}\">\n\t\t\t\t\t\t<div class=\"elementor-container elementor-column-gap-default\">\n\t\t\t\t\t<div class=\"elementor-column elementor-col-50 elementor-top-column elementor-element elementor-element-f64cd14\" data-id=\"f64cd14\" data-element_type=\"column\">\n\t\t\t<div class=\"elementor-widget-wrap elementor-element-populated\">\n\t\t\t\t\t\t<div class=\"elementor-element elementor-element-515262d elementor-widget elementor-widget-thim-heading\" data-id=\"515262d\" data-element_type=\"widget\" data-widget_type=\"thim-heading.default\">\n\t\t\t\t<div class=\"elementor-widget-container\">\n\t\t\t<div class=\"thim-widget-heading template-default\"><div class=\"thim-sc-heading\" >\n\t\t<div class=\"article_heading \">\n\t\t\t<h2  class=\"heading_secondary\">Richiedi informazioni<\/h2>\n\t\t\t<p class=\"heading_primary\"  >KONTAKTIEREN SIE UNS<\/p>\n\t\t\t<div class=\"heading-des\">Haben Sie <strong>Fragen oder besondere W\u00fcnsche<\/strong> f\u00fcr Ihren Aufenthalt? <strong>F\u00fcllen Sie das untenstehende Formular aus<\/strong> und unsere Mitarbeiter helfen Ihnen gerne weiter!<\/div>\n\t\t\t\n\t\t<\/div>\n\t<\/div><\/div>\t\t<\/div>\n\t\t\t\t<\/div>\n\t\t\t\t<div class=\"elementor-element elementor-element-56978df elementor-widget elementor-widget-shortcode\" data-id=\"56978df\" data-element_type=\"widget\" data-widget_type=\"shortcode.default\">\n\t\t\t\t<div class=\"elementor-widget-container\">\n\t\t\t\t\t<div class=\"elementor-shortcode\">\n<div class=\"wpcf7 no-js\" id=\"wpcf7-f10459-o1\" lang=\"en-US\" dir=\"ltr\" data-wpcf7-id=\"10459\">\n<div class=\"screen-reader-response\"><p role=\"status\" aria-live=\"polite\" aria-atomic=\"true\"><\/p> <ul><\/ul><\/div>\n<form action=\"\/de\/wp-json\/wp\/v2\/pages\/11450#wpcf7-f10459-o1\" method=\"post\" class=\"wpcf7-form init\" aria-label=\"Contact form\" novalidate=\"novalidate\" data-status=\"init\">\n<fieldset class=\"hidden-fields-container\"><input type=\"hidden\" name=\"_wpcf7\" value=\"10459\" \/><input type=\"hidden\" name=\"_wpcf7_version\" value=\"6.1.5\" \/><input type=\"hidden\" name=\"_wpcf7_locale\" value=\"en_US\" \/><input type=\"hidden\" name=\"_wpcf7_unit_tag\" value=\"wpcf7-f10459-o1\" \/><input type=\"hidden\" name=\"_wpcf7_container_post\" value=\"0\" \/><input type=\"hidden\" name=\"_wpcf7_posted_data_hash\" value=\"\" \/><input type=\"hidden\" name=\"_wpcf7_recaptcha_response\" value=\"\" \/>\n<\/fieldset>\n<p><span class=\"wpcf7-form-control-wrap\" data-name=\"your-name\"><input size=\"40\" maxlength=\"400\" class=\"wpcf7-form-control wpcf7-text wpcf7-validates-as-required\" aria-required=\"true\" aria-invalid=\"false\" placeholder=\"Nome e Cognome *\" value=\"\" type=\"text\" name=\"your-name\" \/><\/span>\n<\/p>\n<p><span class=\"wpcf7-form-control-wrap\" data-name=\"your-email\"><input size=\"40\" maxlength=\"400\" class=\"wpcf7-form-control wpcf7-email wpcf7-validates-as-required wpcf7-text wpcf7-validates-as-email\" aria-required=\"true\" aria-invalid=\"false\" placeholder=\"Indirizzo e-mail *\" value=\"\" type=\"email\" name=\"your-email\" \/><\/span>\n<\/p>\n<p class=\"mb0\"><span class=\"wpcf7-form-control-wrap\" data-name=\"your-message\"><textarea cols=\"40\" rows=\"10\" maxlength=\"2000\" class=\"wpcf7-form-control wpcf7-textarea wpcf7-validates-as-required\" aria-required=\"true\" aria-invalid=\"false\" placeholder=\"Testo del messaggio *\" name=\"your-message\"><\/textarea><\/span>\n<\/p>\n<p><span class=\"wpcf7-form-control-wrap\" data-name=\"privacy_policy\"><span class=\"wpcf7-form-control wpcf7-acceptance\"><span class=\"wpcf7-list-item\"><label><input type=\"checkbox\" name=\"privacy_policy\" value=\"1\" class=\"privacy_policy\" aria-invalid=\"false\" \/><span class=\"wpcf7-list-item-label\"><a href=\"https:\/\/www.hotelpaoloii.com\/policy\/privacy_it.php\" class=\"policy\" target=\"_blank\">Acconsento al trattamento dei miei dati personali, ai sensi del Regolamento Europeo n. 679\/2016<\/a><\/span><\/label><\/span><\/span><\/span>\n<\/p>\n<p><input class=\"wpcf7-form-control wpcf7-submit has-spinner\" type=\"submit\" value=\"INVIA MESSAGGIO\" \/>\n<\/p><div class=\"wpcf7-response-output\" aria-hidden=\"true\"><\/div>\n<\/form>\n<\/div>\n<\/div>\n\t\t\t\t<\/div>\n\t\t\t\t<\/div>\n\t\t\t\t\t<\/div>\n\t\t<\/div>\n\t\t\t\t<div class=\"elementor-column elementor-col-50 elementor-top-column elementor-element elementor-element-81d98cd\" data-id=\"81d98cd\" data-element_type=\"column\">\n\t\t\t<div class=\"elementor-widget-wrap elementor-element-populated\">\n\t\t\t\t\t\t<div class=\"elementor-element elementor-element-6533ee6 elementor-widget elementor-widget-html\" data-id=\"6533ee6\" data-element_type=\"widget\" data-widget_type=\"html.default\">\n\t\t\t\t<div class=\"elementor-widget-container\">\n\t\t\t<div class=\"contact-address\"><i class=\"las la-location-arrow\"><\/i>\r\n    <p><\/p>\r\n    <div class=\"text\">Via Paolo II 3\r\n        <br>\r\n        00165 - Roma RM<\/div>\r\n    <\/div>\r\n<div class=\"contact-phone\"><i class=\"las la-phone\"><\/i><a href=\"tel:+390639388496\">Telefono: +39 06 3938 8496<\/a><\/div>\r\n<div class=\"contact-phone\"><i class=\"la la-whatsapp\"><\/i><a href=\"https:\/\/api.whatsapp.com\/send?phone=393482588447\">WhatsApp: +39 348 258 8447<\/a><\/div>\r\n<div class=\"contact-email\"><i class=\"las la-envelope\"><\/i><a href=\"mailto:info@hotelpaoloii.com\">Email: info@hotelpaoloii.com<\/a><\/div>\t\t<\/div>\n\t\t\t\t<\/div>\n\t\t\t\t<div class=\"elementor-element elementor-element-a969476 elementor-widget elementor-widget-image\" data-id=\"a969476\" data-element_type=\"widget\" data-widget_type=\"image.default\">\n\t\t\t\t<div class=\"elementor-widget-container\">\n\t\t\t\t\t\t\t\t\t\t\t\t\t<img fetchpriority=\"high\" decoding=\"async\" width=\"310\" height=\"270\" src=\"https:\/\/www.hotelpaoloii.com\/wp-cntnt\/uplds\/2016\/10\/hotel-paolo-ii-logo.png\" class=\"attachment-full size-full wp-image-9872\" alt=\"\" srcset=\"https:\/\/www.hotelpaoloii.com\/wp-cntnt\/uplds\/2016\/10\/hotel-paolo-ii-logo.png 310w, https:\/\/www.hotelpaoloii.com\/wp-cntnt\/uplds\/2016\/10\/hotel-paolo-ii-logo-300x261.png 300w\" sizes=\"(max-width: 310px) 100vw, 310px\" \/>\t\t\t\t\t\t\t\t\t\t\t\t\t<\/div>\n\t\t\t\t<\/div>\n\t\t\t\t\t<\/div>\n\t\t<\/div>\n\t\t\t\t\t<\/div>\n\t\t<\/section>\n\t\t\t\t<section class=\"elementor-section elementor-top-section elementor-element elementor-element-506cc65 elementor-section-full_width elementor-section-stretched elementor-section-height-default elementor-section-height-default\" data-id=\"506cc65\" data-element_type=\"section\" data-settings=\"{&quot;stretch_section&quot;:&quot;section-stretched&quot;}\">\n\t\t\t\t\t\t<div class=\"elementor-container elementor-column-gap-default\">\n\t\t\t\t\t<div class=\"elementor-column elementor-col-100 elementor-top-column elementor-element elementor-element-46825a9\" data-id=\"46825a9\" data-element_type=\"column\">\n\t\t\t<div class=\"elementor-widget-wrap elementor-element-populated\">\n\t\t\t\t\t\t<div class=\"elementor-element elementor-element-d43b438 elementor-widget elementor-widget-thim-google-map\" data-id=\"d43b438\" data-element_type=\"widget\" data-widget_type=\"thim-google-map.default\">\n\t\t\t\t<div class=\"elementor-widget-container\">\n\t\t\t<div class=\"thim-widget-google-map template-default\"><div class=\"thim-map-iframe\" style =\"height: 500px\"><iframe frameborder=\"0\" scrolling=\"no\" marginheight=\"0\" marginwidth=\"0\" src=\"https:\/\/maps.google.com\/maps?q=Via%20Paolo%20II%203%2000165%20-%20Roma%20RM&amp;t=m&amp;z=16&amp;output=embed&amp;iwloc=near\" title=\"Via Paolo II 3 00165 - Roma RM\" aria-label=\"Via Paolo II 3 00165 - Roma RM\"><\/iframe><\/div><\/div>\t\t<\/div>\n\t\t\t\t<\/div>\n\t\t\t\t\t<\/div>\n\t\t<\/div>\n\t\t\t\t\t<\/div>\n\t\t<\/section>\n\t\t\t\t<\/div>\n\t\t","protected":false},"excerpt":{"rendered":"<p>Richiedi informazioni KONTAKTIEREN SIE UNS Haben Sie Fragen oder besondere W\u00fcnsche f\u00fcr Ihren Aufenthalt? F\u00fcllen Sie das untenstehende Formular aus und unsere Mitarbeiter helfen Ihnen gerne weiter! Via Paolo II 3 00165 &#8211; Roma RM Telefono: +39 06 3938 8496 WhatsApp: +39 348 258 8447 Email: info@hotelpaoloii.com<\/p>\n","protected":false},"author":1,"featured_media":0,"parent":0,"menu_order":0,"comment_status":"closed","ping_status":"closed","template":"","meta":{"footnotes":""},"class_list":["post-11450","page","type-page","status-publish","hentry"],"yoast_head":"<!-- This site is optimized with the Yoast SEO plugin v27.6 - https:\/\/yoast.com\/product\/yoast-seo-wordpress\/ -->\n<title>Kontakte | Hotel Paolo II *** Rom<\/title>\n<meta name=\"description\" content=\"Das Hotel Paolo II liegt im Herzen des Christentums, einem Teil Roms, der das reiche kulturelle, historische und religi\u00f6se Erbe unseres Landes widerspiegelt\" \/>\n<meta name=\"robots\" content=\"index, follow, max-snippet:-1, max-image-preview:large, max-video-preview:-1\" \/>\n<link rel=\"canonical\" href=\"https:\/\/www.hotelpaoloii.com\/de\/kontakte\/\" \/>\n<meta property=\"og:locale\" content=\"de_DE\" \/>\n<meta property=\"og:type\" content=\"article\" \/>\n<meta property=\"og:title\" content=\"Kontakte | Hotel Paolo II *** Rom\" \/>\n<meta property=\"og:description\" content=\"Das Hotel Paolo II liegt im Herzen des Christentums, einem Teil Roms, der das reiche kulturelle, historische und religi\u00f6se Erbe unseres Landes widerspiegelt\" \/>\n<meta property=\"og:url\" content=\"https:\/\/www.hotelpaoloii.com\/de\/kontakte\/\" \/>\n<meta property=\"og:site_name\" content=\"Hotel Paolo II\" \/>\n<meta property=\"article:modified_time\" content=\"2025-03-13T16:29:28+00:00\" \/>\n<meta property=\"og:image\" content=\"https:\/\/www.hotelpaoloii.com\/wp-cntnt\/uplds\/2016\/10\/hotel-paolo-ii-logo.png\" \/>\n\t<meta property=\"og:image:width\" content=\"310\" \/>\n\t<meta property=\"og:image:height\" content=\"270\" \/>\n\t<meta property=\"og:image:type\" content=\"image\/png\" \/>\n<meta name=\"twitter:card\" content=\"summary_large_image\" \/>\n<meta name=\"twitter:label1\" content=\"Gesch\u00e4tzte Lesezeit\" \/>\n\t<meta name=\"twitter:data1\" content=\"1\u00a0Minute\" \/>\n<script type=\"application\/ld+json\" class=\"yoast-schema-graph\">{\"@context\":\"https:\\\/\\\/schema.org\",\"@graph\":[{\"@type\":\"WebPage\",\"@id\":\"https:\\\/\\\/www.hotelpaoloii.com\\\/de\\\/kontakte\\\/\",\"url\":\"https:\\\/\\\/www.hotelpaoloii.com\\\/de\\\/kontakte\\\/\",\"name\":\"Kontakte | Hotel Paolo II *** Rom\",\"isPartOf\":{\"@id\":\"https:\\\/\\\/www.hotelpaoloii.com\\\/de\\\/#website\"},\"primaryImageOfPage\":{\"@id\":\"https:\\\/\\\/www.hotelpaoloii.com\\\/de\\\/kontakte\\\/#primaryimage\"},\"image\":{\"@id\":\"https:\\\/\\\/www.hotelpaoloii.com\\\/de\\\/kontakte\\\/#primaryimage\"},\"thumbnailUrl\":\"https:\\\/\\\/www.hotelpaoloii.com\\\/wp-cntnt\\\/uplds\\\/2016\\\/10\\\/hotel-paolo-ii-logo.png\",\"datePublished\":\"2024-12-17T11:41:43+00:00\",\"dateModified\":\"2025-03-13T16:29:28+00:00\",\"description\":\"Das Hotel Paolo II liegt im Herzen des Christentums, einem Teil Roms, der das reiche kulturelle, historische und religi\u00f6se Erbe unseres Landes widerspiegelt\",\"inLanguage\":\"de\",\"potentialAction\":[{\"@type\":\"ReadAction\",\"target\":[\"https:\\\/\\\/www.hotelpaoloii.com\\\/de\\\/kontakte\\\/\"]}]},{\"@type\":\"ImageObject\",\"inLanguage\":\"de\",\"@id\":\"https:\\\/\\\/www.hotelpaoloii.com\\\/de\\\/kontakte\\\/#primaryimage\",\"url\":\"https:\\\/\\\/www.hotelpaoloii.com\\\/wp-cntnt\\\/uplds\\\/2016\\\/10\\\/hotel-paolo-ii-logo.png\",\"contentUrl\":\"https:\\\/\\\/www.hotelpaoloii.com\\\/wp-cntnt\\\/uplds\\\/2016\\\/10\\\/hotel-paolo-ii-logo.png\"},{\"@type\":\"WebSite\",\"@id\":\"https:\\\/\\\/www.hotelpaoloii.com\\\/de\\\/#website\",\"url\":\"https:\\\/\\\/www.hotelpaoloii.com\\\/de\\\/\",\"name\":\"Hotel Paolo II\",\"description\":\"\",\"potentialAction\":[{\"@type\":\"SearchAction\",\"target\":{\"@type\":\"EntryPoint\",\"urlTemplate\":\"https:\\\/\\\/www.hotelpaoloii.com\\\/de\\\/?s={search_term_string}\"},\"query-input\":{\"@type\":\"PropertyValueSpecification\",\"valueRequired\":true,\"valueName\":\"search_term_string\"}}],\"inLanguage\":\"de\"}]}<\/script>\n<!-- \/ Yoast SEO plugin. -->","yoast_head_json":{"title":"Kontakte | Hotel Paolo II *** Rom","description":"Das Hotel Paolo II liegt im Herzen des Christentums, einem Teil Roms, der das reiche kulturelle, historische und religi\u00f6se Erbe unseres Landes widerspiegelt","robots":{"index":"index","follow":"follow","max-snippet":"max-snippet:-1","max-image-preview":"max-image-preview:large","max-video-preview":"max-video-preview:-1"},"canonical":"https:\/\/www.hotelpaoloii.com\/de\/kontakte\/","og_locale":"de_DE","og_type":"article","og_title":"Kontakte | Hotel Paolo II *** Rom","og_description":"Das Hotel Paolo II liegt im Herzen des Christentums, einem Teil Roms, der das reiche kulturelle, historische und religi\u00f6se Erbe unseres Landes widerspiegelt","og_url":"https:\/\/www.hotelpaoloii.com\/de\/kontakte\/","og_site_name":"Hotel Paolo II","article_modified_time":"2025-03-13T16:29:28+00:00","og_image":[{"width":310,"height":270,"url":"https:\/\/www.hotelpaoloii.com\/wp-cntnt\/uplds\/2016\/10\/hotel-paolo-ii-logo.png","type":"image\/png"}],"twitter_card":"summary_large_image","twitter_misc":{"Gesch\u00e4tzte Lesezeit":"1\u00a0Minute"},"schema":{"@context":"https:\/\/schema.org","@graph":[{"@type":"WebPage","@id":"https:\/\/www.hotelpaoloii.com\/de\/kontakte\/","url":"https:\/\/www.hotelpaoloii.com\/de\/kontakte\/","name":"Kontakte | Hotel Paolo II *** Rom","isPartOf":{"@id":"https:\/\/www.hotelpaoloii.com\/de\/#website"},"primaryImageOfPage":{"@id":"https:\/\/www.hotelpaoloii.com\/de\/kontakte\/#primaryimage"},"image":{"@id":"https:\/\/www.hotelpaoloii.com\/de\/kontakte\/#primaryimage"},"thumbnailUrl":"https:\/\/www.hotelpaoloii.com\/wp-cntnt\/uplds\/2016\/10\/hotel-paolo-ii-logo.png","datePublished":"2024-12-17T11:41:43+00:00","dateModified":"2025-03-13T16:29:28+00:00","description":"Das Hotel Paolo II liegt im Herzen des Christentums, einem Teil Roms, der das reiche kulturelle, historische und religi\u00f6se Erbe unseres Landes widerspiegelt","inLanguage":"de","potentialAction":[{"@type":"ReadAction","target":["https:\/\/www.hotelpaoloii.com\/de\/kontakte\/"]}]},{"@type":"ImageObject","inLanguage":"de","@id":"https:\/\/www.hotelpaoloii.com\/de\/kontakte\/#primaryimage","url":"https:\/\/www.hotelpaoloii.com\/wp-cntnt\/uplds\/2016\/10\/hotel-paolo-ii-logo.png","contentUrl":"https:\/\/www.hotelpaoloii.com\/wp-cntnt\/uplds\/2016\/10\/hotel-paolo-ii-logo.png"},{"@type":"WebSite","@id":"https:\/\/www.hotelpaoloii.com\/de\/#website","url":"https:\/\/www.hotelpaoloii.com\/de\/","name":"Hotel Paolo II","description":"","potentialAction":[{"@type":"SearchAction","target":{"@type":"EntryPoint","urlTemplate":"https:\/\/www.hotelpaoloii.com\/de\/?s={search_term_string}"},"query-input":{"@type":"PropertyValueSpecification","valueRequired":true,"valueName":"search_term_string"}}],"inLanguage":"de"}]}},"_links":{"self":[{"href":"https:\/\/www.hotelpaoloii.com\/de\/wp-json\/wp\/v2\/pages\/11450","targetHints":{"allow":["GET"]}}],"collection":[{"href":"https:\/\/www.hotelpaoloii.com\/de\/wp-json\/wp\/v2\/pages"}],"about":[{"href":"https:\/\/www.hotelpaoloii.com\/de\/wp-json\/wp\/v2\/types\/page"}],"author":[{"embeddable":true,"href":"https:\/\/www.hotelpaoloii.com\/de\/wp-json\/wp\/v2\/users\/1"}],"replies":[{"embeddable":true,"href":"https:\/\/www.hotelpaoloii.com\/de\/wp-json\/wp\/v2\/comments?post=11450"}],"version-history":[{"count":7,"href":"https:\/\/www.hotelpaoloii.com\/de\/wp-json\/wp\/v2\/pages\/11450\/revisions"}],"predecessor-version":[{"id":11636,"href":"https:\/\/www.hotelpaoloii.com\/de\/wp-json\/wp\/v2\/pages\/11450\/revisions\/11636"}],"wp:attachment":[{"href":"https:\/\/www.hotelpaoloii.com\/de\/wp-json\/wp\/v2\/media?parent=11450"}],"curies":[{"name":"wp","href":"https:\/\/api.w.org\/{rel}","templated":true}]}}