{"id":11375,"date":"2024-12-18T10:45:49","date_gmt":"2024-12-18T09:45:49","guid":{"rendered":"https:\/\/www.hotelpaoloii.com\/dintorni\/"},"modified":"2026-02-06T12:07:45","modified_gmt":"2026-02-06T11:07:45","slug":"alentours","status":"publish","type":"page","link":"https:\/\/www.hotelpaoloii.com\/fr\/alentours\/","title":{"rendered":"Ce qu&rsquo;il faut faire"},"content":{"rendered":"\t\t<div data-elementor-type=\"wp-post\" data-elementor-id=\"11375\" class=\"elementor elementor-11375\">\n\t\t\t\t\t\t<section class=\"elementor-section elementor-top-section elementor-element elementor-element-af48b46 elementor-section-stretched elementor-section-boxed elementor-section-height-default elementor-section-height-default\" data-id=\"af48b46\" data-element_type=\"section\" data-settings=\"{&quot;stretch_section&quot;:&quot;section-stretched&quot;}\">\n\t\t\t\t\t\t<div class=\"elementor-container elementor-column-gap-default\">\n\t\t\t\t\t<div class=\"elementor-column elementor-col-100 elementor-top-column elementor-element elementor-element-7025ad2\" data-id=\"7025ad2\" data-element_type=\"column\">\n\t\t\t<div class=\"elementor-widget-wrap elementor-element-populated\">\n\t\t\t\t\t\t<div class=\"elementor-element elementor-element-dfeb700 elementor-widget elementor-widget-thim-heading\" data-id=\"dfeb700\" data-element_type=\"widget\" data-widget_type=\"thim-heading.default\">\n\t\t\t\t<div class=\"elementor-widget-container\">\n\t\t\t<div class=\"thim-widget-heading template-default\"><div class=\"thim-sc-heading\" >\n\t\t<div class=\"article_heading \">\n\t\t\t<h2  class=\"heading_secondary\">\u00c0 LA D\u00c9COUVERTE DE ROME<\/h2>\n\t\t\t<p class=\"heading_primary\"  >QUAND VOUS \u00caTES \u00c0 ROME, FAITES COMME LES ROMAINS !<\/p>\n\t\t\t\n\t\t\t\n\t\t<\/div>\n\t<\/div><\/div>\t\t<\/div>\n\t\t\t\t<\/div>\n\t\t\t\t<div class=\"elementor-element elementor-element-0d83d65 elementor-widget elementor-widget-spacer\" data-id=\"0d83d65\" data-element_type=\"widget\" data-widget_type=\"spacer.default\">\n\t\t\t\t<div class=\"elementor-widget-container\">\n\t\t\t\t\t<div class=\"elementor-spacer\">\n\t\t\t<div class=\"elementor-spacer-inner\"><\/div>\n\t\t<\/div>\n\t\t\t\t<\/div>\n\t\t\t\t<\/div>\n\t\t\t\t\t<\/div>\n\t\t<\/div>\n\t\t\t\t\t<\/div>\n\t\t<\/section>\n\t\t\t\t<section class=\"elementor-section elementor-top-section elementor-element elementor-element-6418270 elementor-section-stretched elementor-section-boxed elementor-section-height-default elementor-section-height-default\" data-id=\"6418270\" data-element_type=\"section\" data-settings=\"{&quot;stretch_section&quot;:&quot;section-stretched&quot;}\">\n\t\t\t\t\t\t<div class=\"elementor-container elementor-column-gap-default\">\n\t\t\t\t\t<div class=\"elementor-column elementor-col-100 elementor-top-column elementor-element elementor-element-03808cb\" data-id=\"03808cb\" data-element_type=\"column\">\n\t\t\t<div class=\"elementor-widget-wrap elementor-element-populated\">\n\t\t\t\t\t\t<div class=\"elementor-element elementor-element-b24bb5a elementor-widget elementor-widget-text-editor\" data-id=\"b24bb5a\" data-element_type=\"widget\" data-widget_type=\"text-editor.default\">\n\t\t\t\t<div class=\"elementor-widget-container\">\n\t\t\t\t\t\t\t<p>Nous sommes <strong>fiers et passionn\u00e9s par notre patrimoine historique<\/strong> et souhaitons que nos clients \u00e9vitent les \u00ab\u00a0<strong>pi\u00e8ges \u00e0 touristes<\/strong>\u00a0\u00bb et que seul le meilleur de ce que notre ville mill\u00e9naire a \u00e0 offrir fasse partie de leur <strong>exp\u00e9rience<\/strong>.<br \/>Qu&rsquo;il s&rsquo;agisse de vous signaler certains des <strong>restaurants italiens les plus authentiques et classiques ou de vous recommander des visites, des zones et des quartiers populaires \u00e0 visiter<\/strong>, nous sommes l\u00e0 pour faire en sorte que votre prochain voyage dans la Ville \u00e9ternelle soit inoubliable.<br \/>Au cas o\u00f9 vous auriez besoin d&rsquo;un peu d&rsquo;inspiration, voici quelques-unes de nos choses pr\u00e9f\u00e9r\u00e9es \u00e0 voir et \u00e0 faire dans la vie.<\/p>\t\t\t\t\t\t<\/div>\n\t\t\t\t<\/div>\n\t\t\t\t\t<\/div>\n\t\t<\/div>\n\t\t\t\t\t<\/div>\n\t\t<\/section>\n\t\t\t\t<section class=\"elementor-section elementor-top-section elementor-element elementor-element-78ca6ad elementor-section-stretched elementor-section-boxed elementor-section-height-default elementor-section-height-default\" data-id=\"78ca6ad\" data-element_type=\"section\" data-settings=\"{&quot;stretch_section&quot;:&quot;section-stretched&quot;,&quot;background_background&quot;:&quot;classic&quot;}\">\n\t\t\t\t\t\t<div class=\"elementor-container elementor-column-gap-no\">\n\t\t\t\t\t<div class=\"elementor-column elementor-col-100 elementor-top-column elementor-element elementor-element-558623e\" data-id=\"558623e\" data-element_type=\"column\">\n\t\t\t<div class=\"elementor-widget-wrap elementor-element-populated\">\n\t\t\t\t\t\t<div class=\"elementor-element elementor-element-5992266 thim-sc-heading2 elementor-widget elementor-widget-thim-heading\" data-id=\"5992266\" data-element_type=\"widget\" data-widget_type=\"thim-heading.default\">\n\t\t\t\t<div class=\"elementor-widget-container\">\n\t\t\t<div class=\"thim-widget-heading template-default\"><div class=\"thim-sc-heading\" style = text-align:center; >\n\t\t<div class=\"article_heading \">\n\t\t\t<h2 style=\"color: #000000;font-size: 42px;\" class=\"heading_secondary\">Concierge<\/h2>\n\t\t\t\n\t\t\t<div class=\"heading-des\">En <strong>d\u00e9cennies d'exp\u00e9rience en tant qu'h\u00f4teliers<\/strong>, nous pensons avoir compris les besoins les plus fr\u00e9quents des clients qui ont visit\u00e9 la ville \u00e9ternelle au fil des ann\u00e9es. Et c'est pour cette raison que nous avons cr\u00e9\u00e9 la page Environs.\n<strong>Vous \u00eates \u00e0 un clic de nombreuses solutions que vous recherchiez<\/strong>, pour mieux explorer la ville \u00e9ternelle.\nCette page a \u00e9t\u00e9 con\u00e7ue dans le seul but de <strong>vous aider \u00e0 profiter au maximum de vos vacances<\/strong>.<\/div>\n\t\t\t\n\t\t<\/div>\n\t<\/div><\/div>\t\t<\/div>\n\t\t\t\t<\/div>\n\t\t<div class=\"elementor-element elementor-element-c35eb10 e-grid e-con-boxed e-con e-parent\" data-id=\"c35eb10\" data-element_type=\"container\">\n\t\t\t\t\t<div class=\"e-con-inner\">\n\t\t\t\t<div class=\"elementor-element elementor-element-2f1d246 elementor-widget elementor-widget-thim-ekits-image-accordion\" data-id=\"2f1d246\" data-element_type=\"widget\" data-widget_type=\"thim-ekits-image-accordion.default\">\n\t\t\t\t<div class=\"elementor-widget-container\">\n\t\t\t\t\t<div class=\"thim-ekits-image-accordion\">\n\t\t\t\t\t\t\t\t<div class=\"thim-ekits-image-accordion__item\" style=\"background-image: url(https:\/\/www.hotelpaoloii.com\/wp-cntnt\/uplds\/2024\/12\/hotel-paolo-ii-dintorni-prati.jpg)\">\n\t\t\t\t<div class=\"overlay\">\n\t\t\t\t\t<div class=\"overlay-inner\">\n\t\t\t\t\t<h3 class=\"title\">Prati<\/h3>\t\t\t\t\t\t<a href=\"https:\/\/www.google.com\/maps\/place\/Rione+XXII+Prati,+Roma+RM\/@41.9057804,12.4636563,16z\/data=!4m16!1m9!3m8!1s0x132f605f1609bc61:0x8283081a733ac8b3!2sRione+XXII+Prati,+Roma+RM!3b1!8m2!3d41.9087028!4d12.4652871!10e5!16zL20vMDd6bW1o!3m5!1s0x132f605f1609bc61:0x8283081a733ac8b3!8m2!3d41.9087028!4d12.4652871!16zL20vMDd6bW1o?entry=ttu&#038;g_ep=EgoyMDI0MTExNy4wIKXMDSoASAFQAw%3D%3D\" target=\"_blank\" class=\"read-more\">\n\t\t\t\t\t\t\t\t\t\t\t\t\t<\/a>\n\t\t\t\t\t\t\t\t\t<\/div>\n\n\t\t\t<\/div>\n\t\t\t<\/div>\n\t\t\t\t<\/div>\n\t\t\t\t<\/div>\n\t\t\t\t<\/div>\n\t\t\t\t<div class=\"elementor-element elementor-element-520374e elementor-widget elementor-widget-thim-ekits-image-accordion\" data-id=\"520374e\" data-element_type=\"widget\" data-widget_type=\"thim-ekits-image-accordion.default\">\n\t\t\t\t<div class=\"elementor-widget-container\">\n\t\t\t\t\t<div class=\"thim-ekits-image-accordion\">\n\t\t\t\t\t\t\t\t<div class=\"thim-ekits-image-accordion__item\" style=\"background-image: url(https:\/\/www.hotelpaoloii.com\/wp-cntnt\/uplds\/2024\/12\/hotel-paolo-ii-dintorni-musei.jpg)\">\n\t\t\t\t<div class=\"overlay\">\n\t\t\t\t\t<div class=\"overlay-inner\">\n\t\t\t\t\t<h3 class=\"title\">Musei<\/h3>\t\t\t\t\t\t<a href=\"https:\/\/www.museiincomuneroma.it\/it\" target=\"_blank\" class=\"read-more\">\n\t\t\t\t\t\t\t\t\t\t\t\t\t<\/a>\n\t\t\t\t\t\t\t\t\t<\/div>\n\n\t\t\t<\/div>\n\t\t\t<\/div>\n\t\t\t\t<\/div>\n\t\t\t\t<\/div>\n\t\t\t\t<\/div>\n\t\t\t\t<div class=\"elementor-element elementor-element-37ba496 elementor-widget elementor-widget-thim-ekits-image-accordion\" data-id=\"37ba496\" data-element_type=\"widget\" data-widget_type=\"thim-ekits-image-accordion.default\">\n\t\t\t\t<div class=\"elementor-widget-container\">\n\t\t\t\t\t<div class=\"thim-ekits-image-accordion\">\n\t\t\t\t\t\t\t\t<div class=\"thim-ekits-image-accordion__item\" style=\"background-image: url(https:\/\/www.hotelpaoloii.com\/wp-cntnt\/uplds\/2024\/12\/hotel-paolo-ii-dintorni-colosseo.jpg)\">\n\t\t\t\t<div class=\"overlay\">\n\t\t\t\t\t<div class=\"overlay-inner\">\n\t\t\t\t\t<h3 class=\"title\">Colosseo<\/h3>\t\t\t\t\t\t<a href=\"https:\/\/colosseo.it\/en\/\" target=\"_blank\" class=\"read-more\">\n\t\t\t\t\t\t\t\t\t\t\t\t\t<\/a>\n\t\t\t\t\t\t\t\t\t<\/div>\n\n\t\t\t<\/div>\n\t\t\t<\/div>\n\t\t\t\t<\/div>\n\t\t\t\t<\/div>\n\t\t\t\t<\/div>\n\t\t\t\t<div class=\"elementor-element elementor-element-beb60a9 elementor-widget elementor-widget-thim-ekits-image-accordion\" data-id=\"beb60a9\" data-element_type=\"widget\" data-widget_type=\"thim-ekits-image-accordion.default\">\n\t\t\t\t<div class=\"elementor-widget-container\">\n\t\t\t\t\t<div class=\"thim-ekits-image-accordion\">\n\t\t\t\t\t\t\t\t<div class=\"thim-ekits-image-accordion__item\" style=\"background-image: url(https:\/\/www.hotelpaoloii.com\/wp-cntnt\/uplds\/2024\/12\/hotel-paolo-ii-dintorni-musei-vaticani.jpg)\">\n\t\t\t\t<div class=\"overlay\">\n\t\t\t\t\t<div class=\"overlay-inner\">\n\t\t\t\t\t<h3 class=\"title\">Musei vaticani<\/h3>\t\t\t\t\t\t<a href=\"https:\/\/www.museivaticani.va\/content\/museivaticani\/it.html\" target=\"_blank\" class=\"read-more\">\n\t\t\t\t\t\t\t\t\t\t\t\t\t<\/a>\n\t\t\t\t\t\t\t\t\t<\/div>\n\n\t\t\t<\/div>\n\t\t\t<\/div>\n\t\t\t\t<\/div>\n\t\t\t\t<\/div>\n\t\t\t\t<\/div>\n\t\t\t\t<div class=\"elementor-element elementor-element-288ac5b elementor-widget elementor-widget-thim-ekits-image-accordion\" data-id=\"288ac5b\" data-element_type=\"widget\" data-widget_type=\"thim-ekits-image-accordion.default\">\n\t\t\t\t<div class=\"elementor-widget-container\">\n\t\t\t\t\t<div class=\"thim-ekits-image-accordion\">\n\t\t\t\t\t\t\t\t<div class=\"thim-ekits-image-accordion__item\" style=\"background-image: url(https:\/\/www.hotelpaoloii.com\/wp-cntnt\/uplds\/2024\/12\/hotel-paolo-ii-dintorni-galleria-borghese.jpg)\">\n\t\t\t\t<div class=\"overlay\">\n\t\t\t\t\t<div class=\"overlay-inner\">\n\t\t\t\t\t<h3 class=\"title\">Galleria Borghese<\/h3>\t\t\t\t\t\t<a href=\"https:\/\/www.tickets-rome.com\/it\/borghese-gallery\/\" target=\"_blank\" class=\"read-more\">\n\t\t\t\t\t\t\t\t\t\t\t\t\t<\/a>\n\t\t\t\t\t\t\t\t\t<\/div>\n\n\t\t\t<\/div>\n\t\t\t<\/div>\n\t\t\t\t<\/div>\n\t\t\t\t<\/div>\n\t\t\t\t<\/div>\n\t\t\t\t<div class=\"elementor-element elementor-element-5348200 elementor-widget elementor-widget-thim-ekits-image-accordion\" data-id=\"5348200\" data-element_type=\"widget\" data-widget_type=\"thim-ekits-image-accordion.default\">\n\t\t\t\t<div class=\"elementor-widget-container\">\n\t\t\t\t\t<div class=\"thim-ekits-image-accordion\">\n\t\t\t\t\t\t\t\t<div class=\"thim-ekits-image-accordion__item\" style=\"background-image: url(https:\/\/www.hotelpaoloii.com\/wp-cntnt\/uplds\/2024\/12\/hotel-paolo-ii-dintorni-ristoranti.jpg)\">\n\t\t\t\t<div class=\"overlay\">\n\t\t\t\t\t<div class=\"overlay-inner\">\n\t\t\t\t\t<h3 class=\"title\">Ristoranti<\/h3>\t\t\t\t\t\t<a href=\"https:\/\/www.ristorantealcupolone.com\/\" target=\"_blank\" class=\"read-more\">\n\t\t\t\t\t\t\t\t\t\t\t\t\t<\/a>\n\t\t\t\t\t\t\t\t\t<\/div>\n\n\t\t\t<\/div>\n\t\t\t<\/div>\n\t\t\t\t<\/div>\n\t\t\t\t<\/div>\n\t\t\t\t<\/div>\n\t\t\t\t<div class=\"elementor-element elementor-element-3f2e02e elementor-widget elementor-widget-thim-ekits-image-accordion\" data-id=\"3f2e02e\" data-element_type=\"widget\" data-widget_type=\"thim-ekits-image-accordion.default\">\n\t\t\t\t<div class=\"elementor-widget-container\">\n\t\t\t\t\t<div class=\"thim-ekits-image-accordion\">\n\t\t\t\t\t\t\t\t<div class=\"thim-ekits-image-accordion__item\" style=\"background-image: url(https:\/\/www.hotelpaoloii.com\/wp-cntnt\/uplds\/2025\/09\/hotel-varese-servizi-visite-guidate.jpg)\">\n\t\t\t\t<div class=\"overlay\">\n\t\t\t\t\t<div class=\"overlay-inner\">\n\t\t\t\t\t<h3 class=\"title\">Visites guid\u00e9es<\/h3>\t\t\t\t\t\t<a href=\"https:\/\/app.aloesuite.com\/app\/widgets\/1f08f19d-6871-6eb6-9407-0645365046d5\" target=\"_blank\" class=\"read-more\">\n\t\t\t\t\t\t\t\t\t\t\t\t\t<\/a>\n\t\t\t\t\t\t\t\t\t<\/div>\n\n\t\t\t<\/div>\n\t\t\t<\/div>\n\t\t\t\t<\/div>\n\t\t\t\t<\/div>\n\t\t\t\t<\/div>\n\t\t\t\t<div class=\"elementor-element elementor-element-7351346 elementor-widget elementor-widget-thim-ekits-image-accordion\" data-id=\"7351346\" data-element_type=\"widget\" data-widget_type=\"thim-ekits-image-accordion.default\">\n\t\t\t\t<div class=\"elementor-widget-container\">\n\t\t\t\t\t<div class=\"thim-ekits-image-accordion\">\n\t\t\t\t\t\t\t\t<div class=\"thim-ekits-image-accordion__item\" style=\"background-image: url(https:\/\/www.hotelpaoloii.com\/wp-cntnt\/uplds\/2024\/12\/hotel-paolo-ii-dintorni-trenitalia.jpg)\">\n\t\t\t\t<div class=\"overlay\">\n\t\t\t\t\t<div class=\"overlay-inner\">\n\t\t\t\t\t<h3 class=\"title\">Trenitalia<\/h3>\t\t\t\t\t\t<a href=\"https:\/\/www.trenitalia.com\/\" target=\"_blank\" class=\"read-more\">\n\t\t\t\t\t\t\t\t\t\t\t\t\t<\/a>\n\t\t\t\t\t\t\t\t\t<\/div>\n\n\t\t\t<\/div>\n\t\t\t<\/div>\n\t\t\t\t<\/div>\n\t\t\t\t<\/div>\n\t\t\t\t<\/div>\n\t\t\t\t<div class=\"elementor-element elementor-element-5e40fe2 elementor-widget elementor-widget-thim-ekits-image-accordion\" data-id=\"5e40fe2\" data-element_type=\"widget\" data-widget_type=\"thim-ekits-image-accordion.default\">\n\t\t\t\t<div class=\"elementor-widget-container\">\n\t\t\t\t\t<div class=\"thim-ekits-image-accordion\">\n\t\t\t\t\t\t\t\t<div class=\"thim-ekits-image-accordion__item\" style=\"background-image: url(https:\/\/www.hotelpaoloii.com\/wp-cntnt\/uplds\/2025\/03\/hotel-paolo-ii-cosa-fare-top-quality-transfer.jpg)\">\n\t\t\t\t<div class=\"overlay\">\n\t\t\t\t\t<div class=\"overlay-inner\">\n\t\t\t\t\t<h3 class=\"title\">Top Quality Transfer<\/h3>\t\t\t\t\t\t<a href=\"https:\/\/api.whatsapp.com\/send?phone=393482588447\" target=\"_blank\" class=\"read-more\">\n\t\t\t\t\t\t\t\t\t\t\t\t\t<\/a>\n\t\t\t\t\t\t\t\t\t<\/div>\n\n\t\t\t<\/div>\n\t\t\t<\/div>\n\t\t\t\t<\/div>\n\t\t\t\t<\/div>\n\t\t\t\t<\/div>\n\t\t\t\t\t<\/div>\n\t\t\t\t<\/div>\n\t\t\t\t\t<\/div>\n\t\t<\/div>\n\t\t\t\t\t<\/div>\n\t\t<\/section>\n\t\t\t\t<\/div>\n\t\t","protected":false},"excerpt":{"rendered":"<p>\u00c0 LA D\u00c9COUVERTE DE ROME QUAND VOUS \u00caTES \u00c0 ROME, FAITES COMME LES ROMAINS ! Nous sommes fiers et passionn\u00e9s par notre patrimoine historique et souhaitons que nos clients \u00e9vitent les \u00ab\u00a0pi\u00e8ges \u00e0 touristes\u00a0\u00bb et que seul le meilleur de ce que notre ville mill\u00e9naire a \u00e0 offrir fasse partie&#8230;<\/p>\n","protected":false},"author":1,"featured_media":0,"parent":0,"menu_order":0,"comment_status":"closed","ping_status":"closed","template":"","meta":{"footnotes":""},"class_list":["post-11375","page","type-page","status-publish","hentry"],"yoast_head":"<!-- This site is optimized with the Yoast SEO plugin v27.5 - https:\/\/yoast.com\/product\/yoast-seo-wordpress\/ -->\n<title>D\u00e9couvrez Rome avec l&#039;H\u00f4tel Paolo II ***<\/title>\n<meta name=\"description\" content=\"Restaurants italiens les plus authentiques et classiques, visites guid\u00e9es, zones et quartiers populaires \u00e0 visiter. Nous veillons \u00e0 ce que votre prochain voyage dans la ville \u00e9ternelle soit inoubliable.\" \/>\n<meta name=\"robots\" content=\"index, follow, max-snippet:-1, max-image-preview:large, max-video-preview:-1\" \/>\n<link rel=\"canonical\" href=\"https:\/\/www.hotelpaoloii.com\/fr\/alentours\/\" \/>\n<meta property=\"og:locale\" content=\"fr_FR\" \/>\n<meta property=\"og:type\" content=\"article\" \/>\n<meta property=\"og:title\" content=\"D\u00e9couvrez Rome avec l&#039;H\u00f4tel Paolo II ***\" \/>\n<meta property=\"og:description\" content=\"Restaurants italiens les plus authentiques et classiques, visites guid\u00e9es, zones et quartiers populaires \u00e0 visiter. Nous veillons \u00e0 ce que votre prochain voyage dans la ville \u00e9ternelle soit inoubliable.\" \/>\n<meta property=\"og:url\" content=\"https:\/\/www.hotelpaoloii.com\/fr\/alentours\/\" \/>\n<meta property=\"og:site_name\" content=\"Hotel Paolo II\" \/>\n<meta property=\"article:modified_time\" content=\"2026-02-06T11:07:45+00:00\" \/>\n<meta name=\"twitter:card\" content=\"summary_large_image\" \/>\n<meta name=\"twitter:label1\" content=\"Dur\u00e9e de lecture estim\u00e9e\" \/>\n\t<meta name=\"twitter:data1\" content=\"2 minutes\" \/>\n<script type=\"application\/ld+json\" class=\"yoast-schema-graph\">{\"@context\":\"https:\\\/\\\/schema.org\",\"@graph\":[{\"@type\":\"WebPage\",\"@id\":\"https:\\\/\\\/www.hotelpaoloii.com\\\/fr\\\/alentours\\\/\",\"url\":\"https:\\\/\\\/www.hotelpaoloii.com\\\/fr\\\/alentours\\\/\",\"name\":\"D\u00e9couvrez Rome avec l'H\u00f4tel Paolo II ***\",\"isPartOf\":{\"@id\":\"https:\\\/\\\/www.hotelpaoloii.com\\\/fr\\\/#website\"},\"datePublished\":\"2024-12-18T09:45:49+00:00\",\"dateModified\":\"2026-02-06T11:07:45+00:00\",\"description\":\"Restaurants italiens les plus authentiques et classiques, visites guid\u00e9es, zones et quartiers populaires \u00e0 visiter. Nous veillons \u00e0 ce que votre prochain voyage dans la ville \u00e9ternelle soit inoubliable.\",\"inLanguage\":\"fr-FR\",\"potentialAction\":[{\"@type\":\"ReadAction\",\"target\":[\"https:\\\/\\\/www.hotelpaoloii.com\\\/fr\\\/alentours\\\/\"]}]},{\"@type\":\"WebSite\",\"@id\":\"https:\\\/\\\/www.hotelpaoloii.com\\\/fr\\\/#website\",\"url\":\"https:\\\/\\\/www.hotelpaoloii.com\\\/fr\\\/\",\"name\":\"Hotel Paolo II\",\"description\":\"\",\"potentialAction\":[{\"@type\":\"SearchAction\",\"target\":{\"@type\":\"EntryPoint\",\"urlTemplate\":\"https:\\\/\\\/www.hotelpaoloii.com\\\/fr\\\/?s={search_term_string}\"},\"query-input\":{\"@type\":\"PropertyValueSpecification\",\"valueRequired\":true,\"valueName\":\"search_term_string\"}}],\"inLanguage\":\"fr-FR\"}]}<\/script>\n<!-- \/ Yoast SEO plugin. -->","yoast_head_json":{"title":"D\u00e9couvrez Rome avec l'H\u00f4tel Paolo II ***","description":"Restaurants italiens les plus authentiques et classiques, visites guid\u00e9es, zones et quartiers populaires \u00e0 visiter. Nous veillons \u00e0 ce que votre prochain voyage dans la ville \u00e9ternelle soit inoubliable.","robots":{"index":"index","follow":"follow","max-snippet":"max-snippet:-1","max-image-preview":"max-image-preview:large","max-video-preview":"max-video-preview:-1"},"canonical":"https:\/\/www.hotelpaoloii.com\/fr\/alentours\/","og_locale":"fr_FR","og_type":"article","og_title":"D\u00e9couvrez Rome avec l'H\u00f4tel Paolo II ***","og_description":"Restaurants italiens les plus authentiques et classiques, visites guid\u00e9es, zones et quartiers populaires \u00e0 visiter. Nous veillons \u00e0 ce que votre prochain voyage dans la ville \u00e9ternelle soit inoubliable.","og_url":"https:\/\/www.hotelpaoloii.com\/fr\/alentours\/","og_site_name":"Hotel Paolo II","article_modified_time":"2026-02-06T11:07:45+00:00","twitter_card":"summary_large_image","twitter_misc":{"Dur\u00e9e de lecture estim\u00e9e":"2 minutes"},"schema":{"@context":"https:\/\/schema.org","@graph":[{"@type":"WebPage","@id":"https:\/\/www.hotelpaoloii.com\/fr\/alentours\/","url":"https:\/\/www.hotelpaoloii.com\/fr\/alentours\/","name":"D\u00e9couvrez Rome avec l'H\u00f4tel Paolo II ***","isPartOf":{"@id":"https:\/\/www.hotelpaoloii.com\/fr\/#website"},"datePublished":"2024-12-18T09:45:49+00:00","dateModified":"2026-02-06T11:07:45+00:00","description":"Restaurants italiens les plus authentiques et classiques, visites guid\u00e9es, zones et quartiers populaires \u00e0 visiter. Nous veillons \u00e0 ce que votre prochain voyage dans la ville \u00e9ternelle soit inoubliable.","inLanguage":"fr-FR","potentialAction":[{"@type":"ReadAction","target":["https:\/\/www.hotelpaoloii.com\/fr\/alentours\/"]}]},{"@type":"WebSite","@id":"https:\/\/www.hotelpaoloii.com\/fr\/#website","url":"https:\/\/www.hotelpaoloii.com\/fr\/","name":"Hotel Paolo II","description":"","potentialAction":[{"@type":"SearchAction","target":{"@type":"EntryPoint","urlTemplate":"https:\/\/www.hotelpaoloii.com\/fr\/?s={search_term_string}"},"query-input":{"@type":"PropertyValueSpecification","valueRequired":true,"valueName":"search_term_string"}}],"inLanguage":"fr-FR"}]}},"_links":{"self":[{"href":"https:\/\/www.hotelpaoloii.com\/fr\/wp-json\/wp\/v2\/pages\/11375","targetHints":{"allow":["GET"]}}],"collection":[{"href":"https:\/\/www.hotelpaoloii.com\/fr\/wp-json\/wp\/v2\/pages"}],"about":[{"href":"https:\/\/www.hotelpaoloii.com\/fr\/wp-json\/wp\/v2\/types\/page"}],"author":[{"embeddable":true,"href":"https:\/\/www.hotelpaoloii.com\/fr\/wp-json\/wp\/v2\/users\/1"}],"replies":[{"embeddable":true,"href":"https:\/\/www.hotelpaoloii.com\/fr\/wp-json\/wp\/v2\/comments?post=11375"}],"version-history":[{"count":16,"href":"https:\/\/www.hotelpaoloii.com\/fr\/wp-json\/wp\/v2\/pages\/11375\/revisions"}],"predecessor-version":[{"id":11709,"href":"https:\/\/www.hotelpaoloii.com\/fr\/wp-json\/wp\/v2\/pages\/11375\/revisions\/11709"}],"wp:attachment":[{"href":"https:\/\/www.hotelpaoloii.com\/fr\/wp-json\/wp\/v2\/media?parent=11375"}],"curies":[{"name":"wp","href":"https:\/\/api.w.org\/{rel}","templated":true}]}}